{"id":20,"date":"2019-06-26T12:54:29","date_gmt":"2019-06-26T10:54:29","guid":{"rendered":"http:\/\/127.0.0.1\/wordpress\/?page_id=20"},"modified":"2025-10-03T20:05:32","modified_gmt":"2025-10-03T18:05:32","slug":"wspopraca","status":"publish","type":"page","link":"http:\/\/fundacjasalida.pl\/?page_id=20","title":{"rendered":"Wolontariat i praktyki"},"content":{"rendered":"\n<p>Zapraszamy&nbsp;<strong>student\u00f3w ostatnich lat&nbsp;<\/strong>pedagogiki, psychologii, pracy socjalnej i socjologii do odbycia praktyk studenckich lub wolontariatu.<br><br>W ramach praktyk i wolontariatu zapewniamy profesjonaln\u0105 opiek\u0119 merytoryczn\u0105, mo\u017cliwo\u015b\u0107 sprawdzenia swoich si\u0142 w bezpo\u015brednim kontakcie z klientem. Nasi wolontariusze mog\u0105 zwi\u0119kszy\u0107 swoj\u0105 \u015bwiadomo\u015b\u0107 siebie i pozna\u0107 w\u0142asny styl pracy. Proponujemy r\u00f3wnie\u017c udzia\u0142 w superwizji, co z pewno\u015bci\u0105 pozytywnie wp\u0142ywa na warsztat i jako\u015b\u0107 kontaktu z klientami. Do tego wszystkiego gwarantujemy r\u00f3wnie\u017c dobry klimat i milion sposob\u00f3w na spe\u0142nianie w\u0142asnych pomys\u0142\u00f3w.<\/p>\n\n\n\n<p>Osoby zainteresowane podj\u0119ciem wsp\u00f3\u0142pracy prosimy o kontakt mailowy na adres&nbsp;<strong>salida.praktyki@wp.pl<\/strong>. Ch\u0119tnie spotkamy si\u0119, aby ustali\u0107 wsp\u00f3lne cele!<\/p>\n","protected":false},"excerpt":{"rendered":"<p>Zapraszamy&nbsp;student\u00f3w ostatnich lat&nbsp;pedagogiki, psychologii, pracy socjalnej i socjologii do odbycia praktyk studenckich lub wolontariatu. W ramach praktyk i wolontariatu zapewniamy profesjonaln\u0105 opiek\u0119 merytoryczn\u0105, mo\u017cliwo\u015b\u0107 sprawdzenia swoich si\u0142 w bezpo\u015brednim kontakcie z klientem. Nasi wolontariusze mog\u0105 zwi\u0119kszy\u0107 swoj\u0105 \u015bwiadomo\u015b\u0107 siebie i pozna\u0107 w\u0142asny styl pracy. Proponujemy r\u00f3wnie\u017c udzia\u0142 w superwizji, co z pewno\u015bci\u0105 pozytywnie wp\u0142ywa na&hellip; <a href=\"http:\/\/fundacjasalida.pl\/?page_id=20\" class=\"more-link\">Czytaj dalej <span class=\"screen-reader-text\">Wolontariat i praktyki<\/span><\/a><\/p>\n","protected":false},"author":1,"featured_media":0,"parent":0,"menu_order":0,"comment_status":"closed","ping_status":"closed","template":"templates\/full-width-page.php","meta":{"ngg_post_thumbnail":0},"_links":{"self":[{"href":"http:\/\/fundacjasalida.pl\/index.php?rest_route=\/wp\/v2\/pages\/20"}],"collection":[{"href":"http:\/\/fundacjasalida.pl\/index.php?rest_route=\/wp\/v2\/pages"}],"about":[{"href":"http:\/\/fundacjasalida.pl\/index.php?rest_route=\/wp\/v2\/types\/page"}],"author":[{"embeddable":true,"href":"http:\/\/fundacjasalida.pl\/index.php?rest_route=\/wp\/v2\/users\/1"}],"replies":[{"embeddable":true,"href":"http:\/\/fundacjasalida.pl\/index.php?rest_route=%2Fwp%2Fv2%2Fcomments&post=20"}],"version-history":[{"count":9,"href":"http:\/\/fundacjasalida.pl\/index.php?rest_route=\/wp\/v2\/pages\/20\/revisions"}],"predecessor-version":[{"id":806,"href":"http:\/\/fundacjasalida.pl\/index.php?rest_route=\/wp\/v2\/pages\/20\/revisions\/806"}],"wp:attachment":[{"href":"http:\/\/fundacjasalida.pl\/index.php?rest_route=%2Fwp%2Fv2%2Fmedia&parent=20"}],"curies":[{"name":"wp","href":"https:\/\/api.w.org\/{rel}","templated":true}]}}